{"id":307,"date":"2025-12-23T20:37:04","date_gmt":"2025-12-23T20:37:04","guid":{"rendered":"https:\/\/Atelierdreizehn.de\/?page_id=307"},"modified":"2025-12-23T21:06:44","modified_gmt":"2025-12-23T21:06:44","slug":"%e2%9c%a8-vernissage-astrella-%e2%9c%a8ausstellung-2","status":"publish","type":"page","link":"https:\/\/atelierdreizehn.de\/?page_id=307","title":{"rendered":"&#x2728; Vernissage \u201eASTRELLA\u201c &#x2728;Ausstellung 2"},"content":{"rendered":"\n<p>&#x2728; Vernissage \u201eASTRELLA\u201c &#x2728;<\/p>\n\n\n\n<p>&#x1f4cd; Atelier Dreizehn, Kallm\u00fcnz<\/p>\n\n\n\n<p>Wir laden herzlich zur Vernissage der Ausstellung ASTRELLA ein.<\/p>\n\n\n\n<p>&#x1f5d3; Er\u00f6ffnung:<\/p>\n\n\n\n<p>17. Januar 2026<\/p>\n\n\n\n<p>&#x1f554; 17:00 Uhr<\/p>\n\n\n\n<p>&#x1f4cd; Ort:<\/p>\n\n\n\n<p>Atelier Dreizehn<\/p>\n\n\n\n<p>Vilsgasse 13<\/p>\n\n\n\n<p>93183 Kallm\u00fcnz<\/p>\n\n\n\n<p>&#x1f33f; Ausstellungsdauer:<\/p>\n\n\n\n<p>17. Januar 2026 \u2013 28. Februar 2026<\/p>\n\n\n\n<p>ASTRELLA entf\u00fchrt in eine poetische, mystische Bildwelt zwischen Natur, Licht und innerer Transformation. Eine Ausstellung zum Innehalten, Eintauchen und Staunen.<\/p>\n\n\n\n<p>Der Eintritt ist frei.<\/p>\n\n\n\n<p>Wir freuen uns auf euren  Besuch!<\/p>\n\n\n\n<figure class=\"wp-block-image size-large\"><img loading=\"lazy\" decoding=\"async\" width=\"768\" height=\"1024\" src=\"https:\/\/Atelierdreizehn.de\/wp-content\/uploads\/2025\/12\/IMG-20251223-WA0027-768x1024.jpeg\" alt=\"\" class=\"wp-image-311\" srcset=\"https:\/\/atelierdreizehn.de\/wp-content\/uploads\/2025\/12\/IMG-20251223-WA0027-768x1024.jpeg 768w, https:\/\/atelierdreizehn.de\/wp-content\/uploads\/2025\/12\/IMG-20251223-WA0027-225x300.jpeg 225w, https:\/\/atelierdreizehn.de\/wp-content\/uploads\/2025\/12\/IMG-20251223-WA0027-1152x1536.jpeg 1152w, https:\/\/atelierdreizehn.de\/wp-content\/uploads\/2025\/12\/IMG-20251223-WA0027.jpeg 1536w\" sizes=\"auto, (max-width: 768px) 100vw, 768px\" \/><\/figure>\n\n\n\n<p><\/p>\n","protected":false},"excerpt":{"rendered":"<p>&#x2728; Vernissage \u201eASTRELLA\u201c &#x2728; &#x1f4cd; Atelier Dreizehn, Kallm\u00fcnz Wir laden herzlich zur Vernissage der Ausstellung ASTRELLA ein. &#x1f5d3; Er\u00f6ffnung: 17. Januar 2026 &#x1f554; 17:00 Uhr &#x1f4cd; Ort: Atelier Dreizehn Vilsgasse 13 93183 Kallm\u00fcnz &#x1f33f; Ausstellungsdauer: 17. Januar 2026 \u2013 28. Februar 2026 ASTRELLA entf\u00fchrt in eine poetische, mystische Bildwelt zwischen Natur, Licht und innerer Transformation. [&hellip;]<\/p>\n","protected":false},"author":1,"featured_media":304,"parent":0,"menu_order":0,"comment_status":"closed","ping_status":"closed","template":"","meta":{"footnotes":""},"class_list":["post-307","page","type-page","status-publish","has-post-thumbnail","hentry"],"_links":{"self":[{"href":"https:\/\/atelierdreizehn.de\/index.php?rest_route=\/wp\/v2\/pages\/307","targetHints":{"allow":["GET"]}}],"collection":[{"href":"https:\/\/atelierdreizehn.de\/index.php?rest_route=\/wp\/v2\/pages"}],"about":[{"href":"https:\/\/atelierdreizehn.de\/index.php?rest_route=\/wp\/v2\/types\/page"}],"author":[{"embeddable":true,"href":"https:\/\/atelierdreizehn.de\/index.php?rest_route=\/wp\/v2\/users\/1"}],"replies":[{"embeddable":true,"href":"https:\/\/atelierdreizehn.de\/index.php?rest_route=%2Fwp%2Fv2%2Fcomments&post=307"}],"version-history":[{"count":2,"href":"https:\/\/atelierdreizehn.de\/index.php?rest_route=\/wp\/v2\/pages\/307\/revisions"}],"predecessor-version":[{"id":313,"href":"https:\/\/atelierdreizehn.de\/index.php?rest_route=\/wp\/v2\/pages\/307\/revisions\/313"}],"wp:featuredmedia":[{"embeddable":true,"href":"https:\/\/atelierdreizehn.de\/index.php?rest_route=\/wp\/v2\/media\/304"}],"wp:attachment":[{"href":"https:\/\/atelierdreizehn.de\/index.php?rest_route=%2Fwp%2Fv2%2Fmedia&parent=307"}],"curies":[{"name":"wp","href":"https:\/\/api.w.org\/{rel}","templated":true}]}}