{"id":455,"date":"2026-03-11T05:44:56","date_gmt":"2026-03-11T05:44:56","guid":{"rendered":"https:\/\/Atelierdreizehn.de\/?page_id=455"},"modified":"2026-03-31T17:40:53","modified_gmt":"2026-03-31T17:40:53","slug":"roswitha-helfer-austellung-14-maerz-2026","status":"publish","type":"page","link":"https:\/\/atelierdreizehn.de\/","title":{"rendered":"Roswitha Helfer Ausstellung                                         vom 14.03 &#8211; 26.04.2026"},"content":{"rendered":"\n<p> <\/p>\n\n\n\n<p><\/p>\n\n\n\n<p><\/p>\n\n\n\n<p><\/p>\n\n\n\n<figure class=\"wp-block-image size-large\"><img loading=\"lazy\" decoding=\"async\" width=\"752\" height=\"1024\" src=\"https:\/\/Atelierdreizehn.de\/wp-content\/uploads\/2026\/03\/IMG_7982-752x1024.jpeg\" alt=\"\" class=\"wp-image-456\" srcset=\"https:\/\/atelierdreizehn.de\/wp-content\/uploads\/2026\/03\/IMG_7982-752x1024.jpeg 752w, https:\/\/atelierdreizehn.de\/wp-content\/uploads\/2026\/03\/IMG_7982-220x300.jpeg 220w, https:\/\/atelierdreizehn.de\/wp-content\/uploads\/2026\/03\/IMG_7982-768x1045.jpeg 768w, https:\/\/atelierdreizehn.de\/wp-content\/uploads\/2026\/03\/IMG_7982-1129x1536.jpeg 1129w, https:\/\/atelierdreizehn.de\/wp-content\/uploads\/2026\/03\/IMG_7982.jpeg 1280w\" sizes=\"auto, (max-width: 752px) 100vw, 752px\" \/><\/figure>\n\n\n\n<p>Vernissage \u2013 14. M\u00e4rz 2026, 17 Uhr<\/p>\n\n\n\n<figure class=\"wp-block-image size-large\"><img loading=\"lazy\" decoding=\"async\" width=\"730\" height=\"1024\" src=\"https:\/\/Atelierdreizehn.de\/wp-content\/uploads\/2026\/03\/IMG_7983-730x1024.jpeg\" alt=\"\" class=\"wp-image-467\" srcset=\"https:\/\/atelierdreizehn.de\/wp-content\/uploads\/2026\/03\/IMG_7983-730x1024.jpeg 730w, https:\/\/atelierdreizehn.de\/wp-content\/uploads\/2026\/03\/IMG_7983-214x300.jpeg 214w, https:\/\/atelierdreizehn.de\/wp-content\/uploads\/2026\/03\/IMG_7983-768x1078.jpeg 768w, https:\/\/atelierdreizehn.de\/wp-content\/uploads\/2026\/03\/IMG_7983.jpeg 960w\" sizes=\"auto, (max-width: 730px) 100vw, 730px\" \/><\/figure>\n\n\n\n<p><\/p>\n\n\n\n<p><\/p>\n\n\n\n<p>Ausstellung Nr. 3 im Atelier 13<\/p>\n\n\n\n<p>Am 14. M\u00e4rz 2026 um 17 Uhr \u00f6ffnet das Atelier 13 in Kallm\u00fcnz seine T\u00fcren zur Vernissage der Ausstellung \u201eFarbstr\u00f6me \u2013 Zeit im Wandel\u201c der K\u00fcnstlerin Roswitha Helfer.<\/p>\n\n\n\n<p>Die Ausstellung l\u00e4dt dazu ein, sich auf eine visuelle Reise durch Bewegung, Farbe und Ver\u00e4nderung einzulassen. In ihren Arbeiten verbindet Roswitha Helfer kraftvolle Farbfl\u00e4chen, spontane Gesten und strukturierte Linien zu dynamischen Bildr\u00e4umen. Ihre Werke wirken wie Str\u00f6mungen \u2013 manchmal ruhig, manchmal eruptiv \u2013 und erz\u00e4hlen von Zeit, Transformation und inneren Landschaften.<\/p>\n\n\n\n<p>Im Mittelpunkt der Ausstellung steht die Idee, dass Farbe selbst zu einer Sprache werden kann. Rote Bahnen schneiden durch helle Fl\u00e4chen, dunkle Akzente setzen Kontraste, w\u00e4hrend transparente Schichten eine besondere Tiefe entstehen lassen. Die Kompositionen erinnern an Landschaften im Wandel, an Erinnerungen, an fl\u00fcchtige Momente zwischen Vergangenheit und Gegenwart.<\/p>\n\n\n\n<p>Ein besonderes Motiv der Ausstellung ist die Zeit selbst \u2013 angedeutet durch Formen, die an Uhren erinnern und durch Bildstrukturen, die Bewegung und Ver\u00e4nderung sichtbar machen. Dadurch entstehen Werke, die nicht statisch wirken, sondern wie Momentaufnahmen eines fortlaufenden Prozesses.<\/p>\n\n\n\n<p>Die Vernissage bietet Besucherinnen und Besuchern die Gelegenheit, die K\u00fcnstlerin pers\u00f6nlich kennenzulernen, \u00fcber ihre Arbeitsweise zu sprechen und die Werke erstmals gemeinsam zu erleben.<\/p>\n\n\n\n<p>Die Ausstellung l\u00e4uft vom 14. M\u00e4rz 2026 bis zum 26. April 2026 und ist jeweils samstags und sonntags von 14 bis 18 Uhr ge\u00f6ffnet.<\/p>\n\n\n\n<p>Ort:<\/p>\n\n\n\n<p>Atelier 13<\/p>\n\n\n\n<p>Vilsgasse 13<\/p>\n\n\n\n<p>93183 Kallm\u00fcnz<\/p>\n\n\n\n<p>Die Besucher erwartet eine Ausstellung, in der Farbe, Zeit und Bewegung zu einem offenen Dialog werden \u2013 ein Raum, in dem Bilder nicht nur betrachtet, sondern erlebt werden k\u00f6nnen.<\/p>\n\n\n\n<p><\/p>\n","protected":false},"excerpt":{"rendered":"<p>Vernissage \u2013 14. M\u00e4rz 2026, 17 Uhr Ausstellung Nr. 3 im Atelier 13 Am 14. M\u00e4rz 2026 um 17 Uhr \u00f6ffnet das Atelier 13 in Kallm\u00fcnz seine T\u00fcren zur Vernissage der Ausstellung \u201eFarbstr\u00f6me \u2013 Zeit im Wandel\u201c der K\u00fcnstlerin Roswitha Helfer. Die Ausstellung l\u00e4dt dazu ein, sich auf eine visuelle Reise durch Bewegung, Farbe und [&hellip;]<\/p>\n","protected":false},"author":1,"featured_media":0,"parent":0,"menu_order":0,"comment_status":"closed","ping_status":"closed","template":"","meta":{"footnotes":""},"class_list":["post-455","page","type-page","status-publish","hentry"],"_links":{"self":[{"href":"https:\/\/atelierdreizehn.de\/index.php?rest_route=\/wp\/v2\/pages\/455","targetHints":{"allow":["GET"]}}],"collection":[{"href":"https:\/\/atelierdreizehn.de\/index.php?rest_route=\/wp\/v2\/pages"}],"about":[{"href":"https:\/\/atelierdreizehn.de\/index.php?rest_route=\/wp\/v2\/types\/page"}],"author":[{"embeddable":true,"href":"https:\/\/atelierdreizehn.de\/index.php?rest_route=\/wp\/v2\/users\/1"}],"replies":[{"embeddable":true,"href":"https:\/\/atelierdreizehn.de\/index.php?rest_route=%2Fwp%2Fv2%2Fcomments&post=455"}],"version-history":[{"count":7,"href":"https:\/\/atelierdreizehn.de\/index.php?rest_route=\/wp\/v2\/pages\/455\/revisions"}],"predecessor-version":[{"id":484,"href":"https:\/\/atelierdreizehn.de\/index.php?rest_route=\/wp\/v2\/pages\/455\/revisions\/484"}],"wp:attachment":[{"href":"https:\/\/atelierdreizehn.de\/index.php?rest_route=%2Fwp%2Fv2%2Fmedia&parent=455"}],"curies":[{"name":"wp","href":"https:\/\/api.w.org\/{rel}","templated":true}]}}